{"id":170,"date":"2014-09-07T22:27:18","date_gmt":"2014-09-07T20:27:18","guid":{"rendered":"http:\/\/wp.dev\/total-business-1\/?page_id=170"},"modified":"2024-10-29T10:38:58","modified_gmt":"2024-10-29T09:38:58","slug":"kontakt","status":"publish","type":"page","link":"https:\/\/communiko.dk\/index.php\/kontakt\/","title":{"rendered":"Kontakt"},"content":{"rendered":"[vc_row center_row=&#8221;yes&#8221; padding_top=&#8221;25px&#8221; padding_bottom=&#8221;45px&#8221;][vc_column][vc_column_text font_size=&#8221;24px&#8221;]H\u00f8r hvad vi ellers kan. Sp\u00f8rg om hj\u00e6lp til din helt specielle opgave.<br \/>\nF\u00e5 et tilbud p\u00e5 en l\u00f8sning.<\/p>\n<p><strong>Skriv til os p\u00e5 ma<!-- abc@def -->il@com<!-- @abc.com -->muniko.dk<\/strong>[\/vc_column_text]<div class=\"vcex-module vcex-divider vcex-divider-solid vcex-divider-w-icon\" style=\"width:100%;margin-top:45px;margin-bottom:45px;\"><div class=\"vcex-divider-icon\"><span class=\"vcex-divider-icon-before\" style=\"border-bottom-width:1px;\"><\/span><span class=\"vcex-icon-wrap\" style=\"font-size:20px;color:#dddddd;\"><span class=\"ticon ticon-envelope\"><\/span><\/span><span class=\"vcex-divider-icon-after\" style=\"border-bottom-width:1px;\"><\/span><\/div><\/div>[\/vc_column][\/vc_row]\n","protected":false},"excerpt":{"rendered":"<p>[vc_row center_row=&#8221;yes&#8221; padding_top=&#8221;25px&#8221; padding_bottom=&#8221;45px&#8221;][vc_column][vc_column_text font_size=&#8221;24px&#8221;]H\u00f8r hvad vi ellers kan. Sp\u00f8rg om hj\u00e6lp til din helt specielle opgave. F\u00e5 et tilbud p\u00e5 en l\u00f8sning. Skriv til os p\u00e5 mail@communiko.dk[\/vc_column_text][\/vc_column][\/vc_row]<\/p>\n","protected":false},"author":2,"featured_media":0,"parent":0,"menu_order":0,"comment_status":"closed","ping_status":"closed","template":"","meta":{"footnotes":""},"class_list":["post-170","page","type-page","status-publish","hentry","entry","no-media"],"jetpack_sharing_enabled":true,"_links":{"self":[{"href":"https:\/\/communiko.dk\/index.php\/wp-json\/wp\/v2\/pages\/170","targetHints":{"allow":["GET"]}}],"collection":[{"href":"https:\/\/communiko.dk\/index.php\/wp-json\/wp\/v2\/pages"}],"about":[{"href":"https:\/\/communiko.dk\/index.php\/wp-json\/wp\/v2\/types\/page"}],"author":[{"embeddable":true,"href":"https:\/\/communiko.dk\/index.php\/wp-json\/wp\/v2\/users\/2"}],"replies":[{"embeddable":true,"href":"https:\/\/communiko.dk\/index.php\/wp-json\/wp\/v2\/comments?post=170"}],"version-history":[{"count":10,"href":"https:\/\/communiko.dk\/index.php\/wp-json\/wp\/v2\/pages\/170\/revisions"}],"predecessor-version":[{"id":666,"href":"https:\/\/communiko.dk\/index.php\/wp-json\/wp\/v2\/pages\/170\/revisions\/666"}],"wp:attachment":[{"href":"https:\/\/communiko.dk\/index.php\/wp-json\/wp\/v2\/media?parent=170"}],"curies":[{"name":"wp","href":"https:\/\/api.w.org\/{rel}","templated":true}]}}