{"id":171,"date":"2014-09-07T22:27:23","date_gmt":"2014-09-07T20:27:23","guid":{"rendered":"http:\/\/wp.dev\/total-business-1\/?page_id=171"},"modified":"2024-02-08T13:04:08","modified_gmt":"2024-02-08T12:04:08","slug":"produkter","status":"publish","type":"page","link":"https:\/\/communiko.dk\/index.php\/produkter\/","title":{"rendered":"Produkter"},"content":{"rendered":"[vc_row full_width=&#8221;stretch_row&#8221; css=&#8221;.vc_custom_1489540546849{padding-top: 40px !important;background-color: #f1f1f4 !important;}&#8221;][vc_column][vc_column_text width=&#8221;600px&#8221;]\n<p style=\"text-align: center;\"><span style=\"font-size: 21px;\">Vi l\u00f8ser flere vidt forskellige opgaver indenfor<br \/>\neLearning, web, film, foto, tekst og grafik.<\/span><\/p>\n<p style=\"text-align: center;\"><span style=\"font-size: 21px;\">Vi er eksperter i produktion af online-sprogundervisning.<\/span><\/p>\n[\/vc_column_text]<div class=\"vcex-spacing\" style=\"height:20px\"><\/div><div class=\"vcex-module vcex-icon clr vcex-icon-normal vcex-icon-float-center custom-size remove-dimensions\"><a href=\"#flat-services\" class=\"vcex-icon-link local-scroll-link\"><div class=\"vcex-icon-wrap\" style=\"font-size:28px;color:#555555;\"><span class=\"ticon ticon-chevron-down\"><\/span><\/div><\/a><\/div>[\/vc_column][\/vc_row][vc_row css=&#8221;.vc_custom_1707393483412{margin-top: 20px !important;margin-bottom: -60px !important;}&#8221;][vc_column][vc_column_text width=&#8221;600px&#8221;]\n<p style=\"text-align: center;\"><span style=\"font-size: 21px;\">Vi har blandt andet lavet:<\/span><\/p>\n[\/vc_column_text][\/vc_column][\/vc_row][vc_row center_row=&#8221;yes&#8221; margin_top=&#8221;60px&#8221; margin_bottom=&#8221;20px&#8221;][vc_column width=&#8221;1\/3&#8243;]<div class=\"vcex-module vcex-heading vcex-heading-plain\" style=\"text-align:center;\"><span class=\"vcex-heading-inner clr\">Sundhedsdansk<\/span><\/div>[vc_hoverbox image=&#8221;642&#8243; primary_title=&#8221;&#8221; hover_title=&#8221;Sundhedsdansk&#8221; hover_btn_title=&#8221;G\u00e5 til Sundhedsdansk&#8221; hover_add_button=&#8221;true&#8221; hover_btn_link=&#8221;url:https%3A%2F%2Fsundhedsdansk.dk%2F||target:%20_blank|&#8221;]\u201dSundhedsdansk\u201d er et sprogundervisningsmateriale, lavet i samarbejde med Region Sj\u00e6lland.[\/vc_hoverbox][\/vc_column][vc_column width=&#8221;1\/3&#8243;]<div class=\"vcex-module vcex-heading vcex-heading-plain\" style=\"text-align:center;\"><span class=\"vcex-heading-inner clr\">Dansk til SOSU<\/span><\/div>[vc_hoverbox image=&#8221;643&#8243; primary_title=&#8221;&#8221; hover_title=&#8221;Dansk til SOSU&#8221; hover_btn_title=&#8221;G\u00e5 til Dansk til SOSU&#8221; hover_add_button=&#8221;true&#8221; hover_btn_link=&#8221;url:https%3A%2F%2Fdansktilsosu.dk%2F||target:%20_blank|&#8221;]\u201dDansk til SOSU\u201d er lavet i samarbejde med SOSU \u00d8stjylland, og st\u00f8ttet af midler fra B\u00f8rne og Undervisningsministeriet.[\/vc_hoverbox][\/vc_column][vc_column width=&#8221;1\/3&#8243;]<div class=\"vcex-module vcex-heading vcex-heading-plain\" style=\"text-align:center;\"><span class=\"vcex-heading-inner clr\">Dansk for dig<\/span><\/div>[vc_hoverbox image=&#8221;641&#8243; primary_title=&#8221;&#8221; hover_title=&#8221;Dansk for dig&#8221; hover_btn_title=&#8221;G\u00e5 til Dansk for dig&#8221; hover_add_button=&#8221;true&#8221; hover_btn_link=&#8221;url:https%3A%2F%2Fdanskfordig.dk%2F||target:%20_blank|&#8221;]\u201dDansk for dig\u201d er Communikos egen sprogportal, som leverer unik multimodal sprogundervisning til danske sprogskoler.[\/vc_hoverbox][\/vc_column][\/vc_row][vc_row css=&#8221;.vc_custom_1707393483412{margin-top: 20px !important;margin-bottom: -60px !important;}&#8221;][vc_column][vc_column_text width=&#8221;600px&#8221;]\n<p style=\"text-align: center;\"><span style=\"font-size: 21px;\">Vi er gode til:<\/span><\/p>\n[\/vc_column_text][\/vc_column][\/vc_row][vc_row center_row=&#8221;yes&#8221; margin_top=&#8221;60px&#8221; margin_bottom=&#8221;20px&#8221;][vc_column width=&#8221;1\/3&#8243;]<div class=\"vcex-module vcex-icon-box clr vcex-icon-box-two\"><img loading=\"lazy\" decoding=\"async\" class=\"vcex-icon-box-image\" src=\"https:\/\/i0.wp.com\/communiko.dk\/wp-content\/uploads\/2014\/09\/imac.png?fit=128%2C128&#038;ssl=1\" alt='' data-no-retina width=\"128\" height=\"128\" \/><h2 class=\"vcex-icon-box-heading\" style=\"font-weight:500;font-size:21px;\">eLearning<\/h2><div class=\"vcex-icon-box-content clr\"><p>Vi laver eLearning m\u00e5lrettet nye danskere, der gerne vil beherske det danske sprog, for at kunne beg\u00e5 sig p\u00e5 arbejdsmarkedet og i det danske samfund som helhed.<\/p>\n<\/div><\/div>[\/vc_column][vc_column width=&#8221;1\/3&#8243;]<div class=\"vcex-module vcex-icon-box clr vcex-icon-box-two\"><img loading=\"lazy\" decoding=\"async\" class=\"vcex-icon-box-image\" src=\"https:\/\/i0.wp.com\/communiko.dk\/wp-content\/uploads\/2014\/09\/picture.png?fit=128%2C128&#038;ssl=1\" alt='' data-no-retina width=\"128\" height=\"128\" \/><h2 class=\"vcex-icon-box-heading\" style=\"font-weight:500;font-size:21px;\">Foto<\/h2><div class=\"vcex-icon-box-content clr\"><p>Et billede siger mere end tusinde ord, og vi laver b\u00e5de event-fotografering, portr\u00e6tfotos og selvf\u00f8lgelig en del billeder til vores \u00f8vrige arbejde med websites og eLearning.<\/p>\n<\/div><\/div>[\/vc_column][vc_column width=&#8221;1\/3&#8243;]<div class=\"vcex-module vcex-icon-box clr vcex-icon-box-two\"><img loading=\"lazy\" decoding=\"async\" class=\"vcex-icon-box-image\" src=\"https:\/\/i0.wp.com\/communiko.dk\/wp-content\/uploads\/2014\/09\/rocket.png?fit=128%2C128&#038;ssl=1\" alt='' data-no-retina width=\"128\" height=\"128\" \/><h2 class=\"vcex-icon-box-heading\" style=\"font-weight:500;font-size:21px;\">Grafik og animation<\/h2><div class=\"vcex-icon-box-content clr\"><p>Grafik og animation udg\u00f8r en stor del af visuel kommunikation, og vi skaber den \u00f8jef\u00e6ngende grafik, der skal til for at fange brugerens opm\u00e6rksomhed.<\/p>\n<\/div><\/div>[\/vc_column][\/vc_row][vc_row center_row=&#8221;yes&#8221; margin_top=&#8221;60px&#8221; margin_bottom=&#8221;20px&#8221;][vc_column width=&#8221;1\/3&#8243;]<div class=\"vcex-module vcex-icon-box clr vcex-icon-box-two\"><img loading=\"lazy\" decoding=\"async\" class=\"vcex-icon-box-image\" src=\"https:\/\/i0.wp.com\/communiko.dk\/wp-content\/uploads\/2019\/05\/pencil_flat.png?fit=128%2C128&#038;ssl=1\" alt='' data-no-retina width=\"128\" height=\"128\" \/><h2 class=\"vcex-icon-box-heading\" style=\"font-weight:500;font-size:21px;\">Tekst<\/h2><div class=\"vcex-icon-box-content clr\"><p>Tekst er en uundv\u00e6rlig del af enhver kommunikation, og da 100% af vores team har en journalistisk baggrund, kan vi skrive dit budskab i alle formater.<\/p>\n<\/div><\/div>[\/vc_column][vc_column width=&#8221;1\/3&#8243;]<div class=\"vcex-module vcex-icon-box clr vcex-icon-box-two\"><img loading=\"lazy\" decoding=\"async\" class=\"vcex-icon-box-image\" src=\"https:\/\/i0.wp.com\/communiko.dk\/wp-content\/uploads\/2019\/05\/imac_www.png?fit=128%2C128&#038;ssl=1\" alt='' data-no-retina width=\"128\" height=\"128\" \/><h2 class=\"vcex-icon-box-heading\" style=\"font-weight:500;font-size:21px;\">Websites<\/h2><div class=\"vcex-icon-box-content clr\"><p>Vi laver cms-websites med anerkendte systemer som WordPress og Joomla. Du kan selv vedligeholde din nye hjemmeside &#8211; eller lave en aftale med os, s\u00e5 vi s\u00f8rger for b\u00e5de \u00e6ndringer og opdateringer.<\/p>\n<\/div><\/div>[\/vc_column][vc_column width=&#8221;1\/3&#8243;]<div class=\"vcex-module vcex-icon-box clr vcex-icon-box-two\"><img loading=\"lazy\" decoding=\"async\" class=\"vcex-icon-box-image\" src=\"https:\/\/i0.wp.com\/communiko.dk\/wp-content\/uploads\/2014\/09\/3d.png?fit=128%2C128&#038;ssl=1\" alt='' data-no-retina width=\"128\" height=\"128\" \/><h2 class=\"vcex-icon-box-heading\" style=\"font-weight:500;font-size:21px;\">Film<\/h2><div class=\"vcex-icon-box-content clr\"><p>Meget af vores arbejde bruger filmmediet som omdrejningspunkt. Vi har ogs\u00e5 lavet et par dokumentarfilm i vores r\u00e6kke af film om gamle h\u00e5ndv\u00e6rk.<\/p>\n<\/div><\/div>[\/vc_column][\/vc_row][vc_row full_width=&#8221;stretch_row&#8221; content_placement=&#8221;bottom&#8221; css=&#8221;.vc_custom_1489540632721{padding-top: 40px !important;background-color: #f1f1f4 !important;}&#8221;][vc_column width=&#8221;3\/4&#8243;][vc_column_text]<span style=\"font-size: 21px;\">Har du et projekt med sprogundervisning, web eller et andet medieprodukt?<\/span><br \/>\n<span style=\"font-size: 21px;\"> Kontakt os for et m\u00f8de \u2013 s\u00e5 finder vi en god l\u00f8sning.<\/span>[\/vc_column_text][\/vc_column][vc_column width=&#8221;1\/4&#8243;]<div class=\"theme-button-expanded-wrap theme-button-wrap clr\"><a href=\"https:\/\/communiko.dk\/index.php\/kontakt\/\" title=\"Kontakt os\" class=\"vcex-button theme-button flat teal align-left expanded animate-on-hover expanded\" style=\"background:#179e83;font-size:16px;font-weight:400;\" data-wpex-hover='{\"background\":\"#252d3b\"}'><span class=\"theme-button-inner\">Kontakt os<\/span><\/a><\/div> [\/vc_column][\/vc_row]\n","protected":false},"excerpt":{"rendered":"<p>[vc_row full_width=&#8221;stretch_row&#8221; css=&#8221;.vc_custom_1489540546849{padding-top: 40px !important;background-color: #f1f1f4 !important;}&#8221;][vc_column][vc_column_text width=&#8221;600px&#8221;] Vi l\u00f8ser flere vidt forskellige opgaver indenfor eLearning, web, film, foto, tekst og grafik. Vi er eksperter i produktion af online-sprogundervisning. [\/vc_column_text][\/vc_column][\/vc_row][vc_row css=&#8221;.vc_custom_1707393483412{margin-top: 20px !important;margin-bottom: -60px !important;}&#8221;][vc_column][vc_column_text width=&#8221;600px&#8221;] Vi har blandt andet&hellip;<\/p>\n","protected":false},"author":2,"featured_media":0,"parent":0,"menu_order":0,"comment_status":"closed","ping_status":"closed","template":"","meta":{"footnotes":""},"class_list":["post-171","page","type-page","status-publish","hentry","entry","no-media"],"jetpack_sharing_enabled":true,"_links":{"self":[{"href":"https:\/\/communiko.dk\/index.php\/wp-json\/wp\/v2\/pages\/171","targetHints":{"allow":["GET"]}}],"collection":[{"href":"https:\/\/communiko.dk\/index.php\/wp-json\/wp\/v2\/pages"}],"about":[{"href":"https:\/\/communiko.dk\/index.php\/wp-json\/wp\/v2\/types\/page"}],"author":[{"embeddable":true,"href":"https:\/\/communiko.dk\/index.php\/wp-json\/wp\/v2\/users\/2"}],"replies":[{"embeddable":true,"href":"https:\/\/communiko.dk\/index.php\/wp-json\/wp\/v2\/comments?post=171"}],"version-history":[{"count":19,"href":"https:\/\/communiko.dk\/index.php\/wp-json\/wp\/v2\/pages\/171\/revisions"}],"predecessor-version":[{"id":654,"href":"https:\/\/communiko.dk\/index.php\/wp-json\/wp\/v2\/pages\/171\/revisions\/654"}],"wp:attachment":[{"href":"https:\/\/communiko.dk\/index.php\/wp-json\/wp\/v2\/media?parent=171"}],"curies":[{"name":"wp","href":"https:\/\/api.w.org\/{rel}","templated":true}]}}